{"id":1151,"date":"2017-02-28T11:06:08","date_gmt":"2017-02-28T10:06:08","guid":{"rendered":"http:\/\/von-beluga.de\/?page_id=1151"},"modified":"2024-12-30T17:28:54","modified_gmt":"2024-12-30T16:28:54","slug":"justizia-von-beluga","status":"publish","type":"page","link":"https:\/\/von-beluga.de\/?page_id=1151","title":{"rendered":"Justizia von Beluga"},"content":{"rendered":"\n<p>WT: 22.10.2015<\/p>\n\n\n\n<p>Vater: Uno vom Moosberghof&nbsp;&nbsp;&nbsp;&nbsp;&nbsp;&nbsp;&nbsp;&nbsp;&nbsp;&nbsp;&nbsp;&nbsp;&nbsp;&nbsp;&nbsp;&nbsp;&nbsp;&nbsp;&nbsp;&nbsp;&nbsp;&nbsp;&nbsp;&nbsp;&nbsp;&nbsp;&nbsp;&nbsp;&nbsp;&nbsp;&nbsp;&nbsp;&nbsp;&nbsp;&nbsp;&nbsp;&nbsp;&nbsp;&nbsp;&nbsp;&nbsp;&nbsp;&nbsp;&nbsp;&nbsp;&nbsp;&nbsp;&nbsp;&nbsp;&nbsp;&nbsp;&nbsp;&nbsp;&nbsp;&nbsp;&nbsp;&nbsp;&nbsp;&nbsp;&nbsp;&nbsp;&nbsp;&nbsp;&nbsp;&nbsp;&nbsp;&nbsp;&nbsp;&nbsp;&nbsp;&nbsp;&nbsp;&nbsp;&nbsp;&nbsp;&nbsp;&nbsp;&nbsp;&nbsp;&nbsp;&nbsp;&nbsp;&nbsp;&nbsp;&nbsp;&nbsp;&nbsp;&nbsp;&nbsp;&nbsp;&nbsp;&nbsp;&nbsp;&nbsp;&nbsp; Mutter: Biscaya von Beluga<\/p>\n\n\n<div class=\"wp-block-image is-style-default\">\n<figure class=\"alignright\"><img loading=\"lazy\" decoding=\"async\" width=\"604\" height=\"768\" src=\"https:\/\/von-beluga.de\/wp-content\/uploads\/2018\/05\/H-Justizia-von-Beluga-G8A0632.jpg\" alt=\"\" class=\"wp-image-2449\" srcset=\"https:\/\/von-beluga.de\/wp-content\/uploads\/2018\/05\/H-Justizia-von-Beluga-G8A0632.jpg 604w, https:\/\/von-beluga.de\/wp-content\/uploads\/2018\/05\/H-Justizia-von-Beluga-G8A0632-236x300.jpg 236w\" sizes=\"auto, (max-width: 604px) 100vw, 604px\" \/><\/figure>\n<\/div>\n\n\n<ul class=\"wp-block-list\">\n<li><strong><span style=\"color: #000000;\"><em>Ausbildungskennzeichen :<\/em><\/span><\/strong>&nbsp; BH,AD, IPO1, IPO2, IPO3,<\/li>\n\n\n\n<li><strong><em>Angek\u00f6rt <\/em><\/strong> 2018-19\/ 2021-22<\/li>\n\n\n\n<li><strong><span style=\"color: #000000;\"><em>Zuchtbewertung:&nbsp;<\/em><\/span><\/strong>  Vorz\u00fcglich&nbsp;1<\/li>\n\n\n\n<li>HD\/ED normal&nbsp;&nbsp;&nbsp;&nbsp;&nbsp;&nbsp;&nbsp;&nbsp;&nbsp;DNA gepr\u00fcft &nbsp; &nbsp; &nbsp; &nbsp; &nbsp; &nbsp; &nbsp;<\/li>\n<\/ul>\n\n\n\n<p><\/p>\n\n\n\n<ul style=\"color:#f00e0e\" class=\"wp-block-list has-text-color\">\n<li>Jugendsiegerin Karlsruhe 2016&nbsp;<\/li>\n\n\n\n<li>Landessiegerin Th\u00fcringen 2017<\/li>\n\n\n\n<li> Luxemburg Champion<\/li>\n\n\n\n<li> Internationaler Champion&nbsp;&nbsp;<\/li>\n\n\n\n<li> Deutscher Champion (VDH)&nbsp;&nbsp;&nbsp;&nbsp;&nbsp;&nbsp;&nbsp;&nbsp;&nbsp;&nbsp;&nbsp;&nbsp;&nbsp;&nbsp;&nbsp;&nbsp;&nbsp;&nbsp;&nbsp;&nbsp;&nbsp;&nbsp;&nbsp; &nbsp; &nbsp;&nbsp; &nbsp; &nbsp; &nbsp; &nbsp; &nbsp; &nbsp; &nbsp; &nbsp; &nbsp; &nbsp; &nbsp; &nbsp; &nbsp; &nbsp; &nbsp; &nbsp; &nbsp; &nbsp; &nbsp; &nbsp; &nbsp; &nbsp; &nbsp; &nbsp; &nbsp;&nbsp;&nbsp;&nbsp;&nbsp;&nbsp;&nbsp;&nbsp;&nbsp;&nbsp;&nbsp;&nbsp;&nbsp;&nbsp;&nbsp;&nbsp;&nbsp;&nbsp;&nbsp;&nbsp;&nbsp;&nbsp;&nbsp;&nbsp;&nbsp;&nbsp;&nbsp;&nbsp;&nbsp;&nbsp;&nbsp;&nbsp;&nbsp;&nbsp;&nbsp;&nbsp;&nbsp;&nbsp;&nbsp;&nbsp;&nbsp;&nbsp;&nbsp;&nbsp;&nbsp;&nbsp;&nbsp;&nbsp;&nbsp;&nbsp; &nbsp; &nbsp; &nbsp; &nbsp; &nbsp; &nbsp; &nbsp; &nbsp; &nbsp; &nbsp;&nbsp;&nbsp;&nbsp;&nbsp;&nbsp;&nbsp;&nbsp;&nbsp;&nbsp;&nbsp;&nbsp;&nbsp;&nbsp;&nbsp;&nbsp;&nbsp;&nbsp;&nbsp;&nbsp;&nbsp;&nbsp;&nbsp;&nbsp;&nbsp;&nbsp;&nbsp;&nbsp;&nbsp;&nbsp;&nbsp;&nbsp;&nbsp;&nbsp;&nbsp;&nbsp;&nbsp;&nbsp;&nbsp;&nbsp;&nbsp;&nbsp;&nbsp;&nbsp;&nbsp;&nbsp;&nbsp;&nbsp;&nbsp;&nbsp;&nbsp;&nbsp; &nbsp; &nbsp; &nbsp; &nbsp; &nbsp; &nbsp; &nbsp; &nbsp; &nbsp; &nbsp; &nbsp; &nbsp; &nbsp; &nbsp; &nbsp; &nbsp; &nbsp; &nbsp; &nbsp; &nbsp; &nbsp; &nbsp;&nbsp; &nbsp;&nbsp;&nbsp;&nbsp;&nbsp;&nbsp;&nbsp;&nbsp;<\/li>\n\n\n\n<li>Eigent\u00fcmer: Z\u00fcchter<\/li>\n\n\n\n<li>Kontakt:&nbsp;<a href=\"mailto:von-Beluga@t-online.de\">von-beluga@t-online.de<\/a> &nbsp; &nbsp; &nbsp; &nbsp; &nbsp; &nbsp; &nbsp; &nbsp; &nbsp; &nbsp; &nbsp; &nbsp; &nbsp; &nbsp; &nbsp; &nbsp; &nbsp; &nbsp; &nbsp; &nbsp; &nbsp; &nbsp; &nbsp; &nbsp; &nbsp;&nbsp;&nbsp;&nbsp;&nbsp;&nbsp;&nbsp;&nbsp;&nbsp;&nbsp;&nbsp;&nbsp;&nbsp;&nbsp;&nbsp;&nbsp;&nbsp;&nbsp;&nbsp;&nbsp;&nbsp;&nbsp;&nbsp;  &nbsp; &nbsp; &nbsp; &nbsp; &nbsp; &nbsp; &nbsp; &nbsp;&nbsp;&nbsp;&nbsp;&nbsp;&nbsp;&nbsp;&nbsp;&nbsp;&nbsp;&nbsp;&nbsp;&nbsp;&nbsp;&nbsp;&nbsp;&nbsp;&nbsp;&nbsp;&nbsp;&nbsp;&nbsp;&nbsp;&nbsp;&nbsp;&nbsp;&nbsp;&nbsp;&nbsp;&nbsp;<\/li>\n<\/ul>\n\n\n\n<ul class=\"wp-block-list\">\n<li>K\u00f6rbericht von G\u00fcnther Schwedes auf der K\u00f6rung am 30.09.2017 in Freigericht:<\/li>\n\n\n\n<li>Gro\u00dfe,kr\u00e4ftige,trockene und feste, in richtigem Verh\u00e4ltnis aufgebaute, ausdrucksstarke H\u00fcndin, kr\u00e4ftiger Kopf, hoher Widerrist, gerader R\u00fccken,die gut gelagerte Kruppe sollte noch eine Idee l\u00e4nger sein, ausgewogene Brustverh\u00e4ltnisse,gerade Front, sehr gute Winkelungen der Vor- und Hinterhand, geradetretend haben die G\u00e4nge guten Raumgewinn mit kraftvollem Nachschub und freiem Vortritt, Wesen sicher, TSB ausgepr\u00e4gt,l\u00e4\u00dft ab.<\/li>\n\n\n\n<li>Besondere Vorz\u00fcge:<\/li>\n\n\n\n<li> Eine H\u00fcndin mit sehr harmonischem Gesamtaufbau und sehr guter Ausstrahlung.<\/li>\n<\/ul>\n\n\n\n<p><\/p>\n\n\n\n<figure class=\"wp-block-image is-resized is-style-default\"><img loading=\"lazy\" decoding=\"async\" width=\"1024\" height=\"722\" src=\"https:\/\/von-beluga.de\/wp-content\/uploads\/2018\/05\/H-Justiza-Beluga-A0604-1.jpg\" alt=\"\" class=\"wp-image-2452\" style=\"width:614px;height:432px\" srcset=\"https:\/\/von-beluga.de\/wp-content\/uploads\/2018\/05\/H-Justiza-Beluga-A0604-1.jpg 1024w, https:\/\/von-beluga.de\/wp-content\/uploads\/2018\/05\/H-Justiza-Beluga-A0604-1-300x212.jpg 300w, https:\/\/von-beluga.de\/wp-content\/uploads\/2018\/05\/H-Justiza-Beluga-A0604-1-768x542.jpg 768w, https:\/\/von-beluga.de\/wp-content\/uploads\/2018\/05\/H-Justiza-Beluga-A0604-1-425x300.jpg 425w\" sizes=\"auto, (max-width: 1024px) 100vw, 1024px\" \/><\/figure>\n\n\n\n<ul class=\"wp-block-list\">\n<li>W\u00fcrfe von Justizia:<\/li>\n\n\n\n<li>N &#8211; Wurf&nbsp;&nbsp;&nbsp;&nbsp;&nbsp; WT: 17.06.2018&nbsp;&nbsp;&nbsp;&nbsp; (Vater Quenn von der Piste Trophe)&nbsp;&nbsp;<\/li>\n\n\n\n<li>O &#8211; Wurf&nbsp;&nbsp;&nbsp;&nbsp;&nbsp; WT: 01.11.2019&nbsp;&nbsp;&nbsp;&nbsp; (Vater Hank vom Arkanum)&nbsp; &nbsp; &nbsp; &nbsp; &nbsp; &nbsp; &nbsp; &nbsp; &nbsp;<\/li>\n\n\n\n<li>Q &#8211; Wurf&nbsp;&nbsp;&nbsp;&nbsp;&nbsp; WT: 06.02.2021&nbsp;&nbsp;&nbsp;&nbsp; (Vater Thiago von der Piste Trophe)   <\/li>\n\n\n\n<li>T &#8211; Wurf       WT: 30.04.2022     (Vater Latmon Henry)<\/li>\n<\/ul>\n\n\n\n<p>&nbsp;&nbsp;&nbsp;&nbsp;&nbsp;&nbsp;&nbsp;&nbsp;&nbsp;&nbsp;&nbsp;&nbsp;&nbsp;&nbsp;&nbsp;&nbsp;&nbsp;&nbsp;&nbsp;&nbsp;&nbsp; &nbsp; &nbsp; &nbsp; &nbsp; &nbsp; &nbsp;<\/p>\n\n\n\n<figure class=\"wp-block-gallery has-nested-images columns-default is-cropped wp-block-gallery-1 is-layout-flex wp-block-gallery-is-layout-flex\">\n<figure class=\"wp-block-image size-large is-style-default\"><a href=\"https:\/\/von-beluga.de\/wp-content\/uploads\/2022\/10\/75K8823.jpg\"><img loading=\"lazy\" decoding=\"async\" width=\"600\" height=\"401\" data-id=\"5668\" src=\"https:\/\/von-beluga.de\/wp-content\/uploads\/2022\/10\/75K8823.jpg\" alt=\"\" class=\"wp-image-5668\" srcset=\"https:\/\/von-beluga.de\/wp-content\/uploads\/2022\/10\/75K8823.jpg 600w, https:\/\/von-beluga.de\/wp-content\/uploads\/2022\/10\/75K8823-300x201.jpg 300w, https:\/\/von-beluga.de\/wp-content\/uploads\/2022\/10\/75K8823-449x300.jpg 449w\" sizes=\"auto, (max-width: 600px) 100vw, 600px\" \/><\/a><\/figure>\n<\/figure>\n\n\n\n<figure class=\"wp-block-image size-full is-style-default\"><a href=\"https:\/\/von-beluga.de\/wp-content\/uploads\/2021\/09\/kl-20190624-WA0002.jpg\"><img loading=\"lazy\" decoding=\"async\" width=\"1024\" height=\"682\" src=\"https:\/\/von-beluga.de\/wp-content\/uploads\/2021\/09\/kl-20190624-WA0002.jpg\" alt=\"\" class=\"wp-image-4762\" srcset=\"https:\/\/von-beluga.de\/wp-content\/uploads\/2021\/09\/kl-20190624-WA0002.jpg 1024w, https:\/\/von-beluga.de\/wp-content\/uploads\/2021\/09\/kl-20190624-WA0002-300x200.jpg 300w, https:\/\/von-beluga.de\/wp-content\/uploads\/2021\/09\/kl-20190624-WA0002-768x512.jpg 768w, https:\/\/von-beluga.de\/wp-content\/uploads\/2021\/09\/kl-20190624-WA0002-450x300.jpg 450w\" sizes=\"auto, (max-width: 1024px) 100vw, 1024px\" \/><\/a><\/figure>\n","protected":false},"excerpt":{"rendered":"<p>WT: 22.10.2015 Vater: Uno vom Moosberghof&nbsp;&nbsp;&nbsp;&nbsp;&nbsp;&nbsp;&nbsp;&nbsp;&nbsp;&nbsp;&nbsp;&nbsp;&nbsp;&nbsp;&nbsp;&nbsp;&nbsp;&nbsp;&nbsp;&nbsp;&nbsp;&nbsp;&nbsp;&nbsp;&nbsp;&nbsp;&nbsp;&nbsp;&nbsp;&nbsp;&nbsp;&nbsp;&nbsp;&nbsp;&nbsp;&nbsp;&nbsp;&nbsp;&nbsp;&nbsp;&nbsp;&nbsp;&nbsp;&nbsp;&nbsp;&nbsp;&nbsp;&nbsp;&nbsp;&nbsp;&nbsp;&nbsp;&nbsp;&nbsp;&nbsp;&nbsp;&nbsp;&nbsp;&nbsp;&nbsp;&nbsp;&nbsp;&nbsp;&nbsp;&nbsp;&nbsp;&nbsp;&nbsp;&nbsp;&nbsp;&nbsp;&nbsp;&nbsp;&nbsp;&nbsp;&nbsp;&nbsp;&nbsp;&nbsp;&nbsp;&nbsp;&nbsp;&nbsp;&nbsp;&nbsp;&nbsp;&nbsp;&nbsp;&nbsp;&nbsp;&nbsp;&nbsp;&nbsp;&nbsp;&nbsp; Mutter: Biscaya von Beluga &nbsp;&nbsp;&nbsp;&nbsp;&nbsp;&nbsp;&nbsp;&nbsp;&nbsp;&nbsp;&nbsp;&nbsp;&nbsp;&nbsp;&nbsp;&nbsp;&nbsp;&nbsp;&nbsp;&nbsp;&nbsp; &nbsp; &nbsp; &nbsp; &nbsp; &nbsp; &nbsp;<\/p>\n","protected":false},"author":1,"featured_media":0,"parent":2,"menu_order":0,"comment_status":"closed","ping_status":"closed","template":"","meta":{"footnotes":""},"class_list":["post-1151","page","type-page","status-publish","hentry"],"_links":{"self":[{"href":"https:\/\/von-beluga.de\/index.php?rest_route=\/wp\/v2\/pages\/1151","targetHints":{"allow":["GET"]}}],"collection":[{"href":"https:\/\/von-beluga.de\/index.php?rest_route=\/wp\/v2\/pages"}],"about":[{"href":"https:\/\/von-beluga.de\/index.php?rest_route=\/wp\/v2\/types\/page"}],"author":[{"embeddable":true,"href":"https:\/\/von-beluga.de\/index.php?rest_route=\/wp\/v2\/users\/1"}],"replies":[{"embeddable":true,"href":"https:\/\/von-beluga.de\/index.php?rest_route=%2Fwp%2Fv2%2Fcomments&post=1151"}],"version-history":[{"count":26,"href":"https:\/\/von-beluga.de\/index.php?rest_route=\/wp\/v2\/pages\/1151\/revisions"}],"predecessor-version":[{"id":8331,"href":"https:\/\/von-beluga.de\/index.php?rest_route=\/wp\/v2\/pages\/1151\/revisions\/8331"}],"up":[{"embeddable":true,"href":"https:\/\/von-beluga.de\/index.php?rest_route=\/wp\/v2\/pages\/2"}],"wp:attachment":[{"href":"https:\/\/von-beluga.de\/index.php?rest_route=%2Fwp%2Fv2%2Fmedia&parent=1151"}],"curies":[{"name":"wp","href":"https:\/\/api.w.org\/{rel}","templated":true}]}}